{"id":6,"date":"2009-09-19T12:35:32","date_gmt":"2009-09-19T10:35:32","guid":{"rendered":"http:\/\/www.tbarchitekt.de\/wordpress\/?page_id=6"},"modified":"2009-10-09T13:20:11","modified_gmt":"2009-10-09T11:20:11","slug":"buro","status":"publish","type":"page","link":"https:\/\/www.tbarchitekt.de\/?page_id=6","title":{"rendered":"b\u00fcro"},"content":{"rendered":"<div><span style=\"color: #808080;\">Das B\u00fcro wurde 2005 in Heimborn gegr\u00fcndet.<\/span><\/div>\n<div><span style=\"color: #808080;\"> <\/span><\/div>\n<div><span style=\"color: #808080;\">Zusammen mit den jeweiligen Fachingenieuren wird das gesamte Leistungsspektrum <\/span><\/div>\n<div><span style=\"color: #808080;\">der Architektur und st\u00e4dtebaulichen Planung erbracht.<\/span><\/div>\n<p><span style=\"color: #808080;\"><strong>Torsten Boldt<\/strong><\/span><\/p>\n<p><span style=\"color: #808080;\">1966 &#8211; geboren in Rendsburg<br \/>\n<\/span><span style=\"color: #808080;\">1990 &#8211; Gesellenbrief Zimmerer<br \/>\n<\/span><span style=\"color: #808080;\">1997 &#8211; Diplom der Architektur, Universit\u00e4t Hannover<br \/>\n<\/span><span style=\"color: #808080;\">1998-2000\u00a0&#8211; Architekt im B\u00fcro Matthias Bjoernsen Architekt \/ BCE, Koblenz<br \/>\n<\/span><span style=\"color: #808080;\">2001-2005\u00a0&#8211; Projektleitender Architekt im Architektur- und Innenarchitekturb\u00fcro v.Rudloff Seiffert &amp; Partner, K\u00f6ln<br \/>\n<\/span><span style=\"color: #808080;\">seit 2005\u00a0&#8211; Inhaber des B\u00fcros f\u00fcr Architektur und Stadtplanung torsten boldt architekt, Heimborn<\/span><\/p>\n<p><span style=\"color: #808080;\"><span style=\"color: #888888;\">Mitglied der Architektenkammer Rheinland-Pfalz<br \/>\nMitglied F\u00f6rderverein Bundesstiftung Baukultur e.V. <\/span><\/span><\/p>\n","protected":false},"excerpt":{"rendered":"<p>Das B\u00fcro wurde 2005 in Heimborn gegr\u00fcndet. Zusammen mit den jeweiligen Fachingenieuren wird das gesamte Leistungsspektrum der Architektur und st\u00e4dtebaulichen Planung erbracht. Torsten Boldt 1966 &#8211; geboren in Rendsburg 1990 &#8211; Gesellenbrief Zimmerer 1997 &#8211; Diplom der Architektur, Universit\u00e4t Hannover 1998-2000\u00a0&#8211; Architekt im B\u00fcro Matthias Bjoernsen Architekt \/ BCE, Koblenz 2001-2005\u00a0&#8211; Projektleitender Architekt im Architektur- [&hellip;]<\/p>\n","protected":false},"author":1,"featured_media":0,"parent":0,"menu_order":1,"comment_status":"closed","ping_status":"open","template":"","meta":[],"_links":{"self":[{"href":"https:\/\/www.tbarchitekt.de\/index.php?rest_route=\/wp\/v2\/pages\/6"}],"collection":[{"href":"https:\/\/www.tbarchitekt.de\/index.php?rest_route=\/wp\/v2\/pages"}],"about":[{"href":"https:\/\/www.tbarchitekt.de\/index.php?rest_route=\/wp\/v2\/types\/page"}],"author":[{"embeddable":true,"href":"https:\/\/www.tbarchitekt.de\/index.php?rest_route=\/wp\/v2\/users\/1"}],"replies":[{"embeddable":true,"href":"https:\/\/www.tbarchitekt.de\/index.php?rest_route=%2Fwp%2Fv2%2Fcomments&post=6"}],"version-history":[{"count":24,"href":"https:\/\/www.tbarchitekt.de\/index.php?rest_route=\/wp\/v2\/pages\/6\/revisions"}],"predecessor-version":[{"id":22,"href":"https:\/\/www.tbarchitekt.de\/index.php?rest_route=\/wp\/v2\/pages\/6\/revisions\/22"}],"wp:attachment":[{"href":"https:\/\/www.tbarchitekt.de\/index.php?rest_route=%2Fwp%2Fv2%2Fmedia&parent=6"}],"curies":[{"name":"wp","href":"https:\/\/api.w.org\/{rel}","templated":true}]}}